{"id":716,"date":"2024-11-13T20:27:34","date_gmt":"2024-11-13T20:27:34","guid":{"rendered":"https:\/\/congomines.azurewebsites.net\/?page_id=716"},"modified":"2026-02-09T19:35:14","modified_gmt":"2026-02-09T19:35:14","slug":"entreprises-publiques","status":"publish","type":"page","link":"https:\/\/www.congomines.org\/fr\/state-owned-enterprises\/","title":{"rendered":"Entreprises publiques"},"content":{"rendered":"<div style=\"height:10px\" aria-hidden=\"true\" class=\"wp-block-spacer\"><\/div>\n\n\n<nav class=\"has-small-font-size is-responsive items-justified-center alignfull wp-block-navigation is-horizontal is-content-justification-center is-layout-flex wp-container-core-navigation-is-layout-769315fb wp-block-navigation-is-layout-flex\" aria-label=\"Navigation\" \n\t\t data-wp-interactive=\"core\/navigation\" data-wp-context='{\"overlayOpenedBy\":{\"click\":false,\"hover\":false,\"focus\":false},\"type\":\"overlay\",\"roleAttribute\":\"\",\"ariaLabel\":\"Menu\"}'><button aria-haspopup=\"dialog\" aria-label=\"Ouvrir le menu\" class=\"wp-block-navigation__responsive-container-open\" \n\t\t\t\tdata-wp-on--click=\"actions.openMenuOnClick\"\n\t\t\t\tdata-wp-on--keydown=\"actions.handleMenuKeydown\"\n\t\t\t><svg width=\"24\" height=\"24\" xmlns=\"http:\/\/www.w3.org\/2000\/svg\" viewbox=\"0 0 24 24\"><path d=\"M5 5v1.5h14V5H5z\"><\/path><path d=\"M5 12.8h14v-1.5H5v1.5z\"><\/path><path d=\"M5 19h14v-1.5H5V19z\"><\/path><\/svg><\/button>\n\t\t\t\t<div class=\"wp-block-navigation__responsive-container\"  id=\"modal-1\" \n\t\t\t\tdata-wp-class--has-modal-open=\"state.isMenuOpen\"\n\t\t\t\tdata-wp-class--is-menu-open=\"state.isMenuOpen\"\n\t\t\t\tdata-wp-watch=\"callbacks.initMenu\"\n\t\t\t\tdata-wp-on--keydown=\"actions.handleMenuKeydown\"\n\t\t\t\tdata-wp-on--focusout=\"actions.handleMenuFocusout\"\n\t\t\t\ttabindex=\"-1\"\n\t\t\t>\n\t\t\t\t\t<div class=\"wp-block-navigation__responsive-close\" tabindex=\"-1\">\n\t\t\t\t\t\t<div class=\"wp-block-navigation__responsive-dialog\" \n\t\t\t\tdata-wp-bind--aria-modal=\"state.ariaModal\"\n\t\t\t\tdata-wp-bind--aria-label=\"state.ariaLabel\"\n\t\t\t\tdata-wp-bind--role=\"state.roleAttribute\"\n\t\t\t>\n\t\t\t\t\t\t\t<button aria-label=\"Fermer le menu\" class=\"wp-block-navigation__responsive-container-close\" \n\t\t\t\tdata-wp-on--click=\"actions.closeMenuOnClick\"\n\t\t\t><svg xmlns=\"http:\/\/www.w3.org\/2000\/svg\" viewbox=\"0 0 24 24\" width=\"24\" height=\"24\" aria-hidden=\"true\" focusable=\"false\"><path d=\"m13.06 12 6.47-6.47-1.06-1.06L12 10.94 5.53 4.47 4.47 5.53 10.94 12l-6.47 6.47 1.06 1.06L12 13.06l6.47 6.47 1.06-1.06L13.06 12Z\"><\/path><\/svg><\/button>\n\t\t\t\t\t\t\t<div class=\"wp-block-navigation__responsive-container-content\" \n\t\t\t\tdata-wp-watch=\"callbacks.focusFirstElement\"\n\t\t\t id=\"modal-1-content\">\n\t\t\t\t\t\t\t\t<ul class=\"wp-block-navigation__container has-small-font-size is-responsive items-justified-center alignfull wp-block-navigation has-small-font-size\"><li class=\"has-small-font-size wp-block-navigation-item wp-block-navigation-link\"><a class=\"wp-block-navigation-item__content\"  href=\"https:\/\/www.congomines.org\/fr\/\"><span class=\"wp-block-navigation-item__label\">Accueil<\/span><\/a><\/li><li class=\"has-small-font-size wp-block-navigation-item wp-block-navigation-link\"><a class=\"wp-block-navigation-item__content\"  href=\"https:\/\/www.congomines.org\/fr\/a-propos-de\/\"><span class=\"wp-block-navigation-item__label\">A propos de<\/span><\/a><\/li><li class=\"has-small-font-size wp-block-navigation-item wp-block-navigation-link\"><a class=\"wp-block-navigation-item__content\"  href=\"https:\/\/www.congomines.org\/fr\/report-listing\/\"><span class=\"wp-block-navigation-item__label\">Rapports<\/span><\/a><\/li><li class=\"has-small-font-size wp-block-navigation-item wp-block-navigation-link\"><a class=\"wp-block-navigation-item__content\"  href=\"https:\/\/www.congomines.org\/fr\/list-of-companies\/\"><span class=\"wp-block-navigation-item__label\">Entreprises<\/span><\/a><\/li><li class=\"has-small-font-size wp-block-navigation-item wp-block-navigation-link\"><a class=\"wp-block-navigation-item__content\"  href=\"https:\/\/www.congomines.org\/fr\/all-documents\/\"><span class=\"wp-block-navigation-item__label\">Biblioth\u00e8que<\/span><\/a><\/li><li class=\"has-small-font-size wp-block-navigation-item wp-block-navigation-link\"><a class=\"wp-block-navigation-item__content\"  href=\"https:\/\/www.congomines.org\/fr\/shareholderlist\/\"><span class=\"wp-block-navigation-item__label\">Nom des actionnaires<\/span><\/a><\/li><li class=\"has-small-font-size wp-block-navigation-item wp-block-navigation-link\"><a class=\"wp-block-navigation-item__content\"  href=\"https:\/\/www.congomines.org\/fr\/une-affaire-detat\/\"><span class=\"wp-block-navigation-item__label\">Une affaire d'\u00c9tat<\/span><\/a><\/li><li class=\"has-small-font-size wp-block-navigation-item wp-block-navigation-link\"><a class=\"wp-block-navigation-item__content\"  href=\"https:\/\/www.congomines.org\/fr\/cartes\/\"><span class=\"wp-block-navigation-item__label\">Cartes<\/span><\/a><\/li><\/ul>\n\t\t\t\t\t\t\t<\/div>\n\t\t\t\t\t\t<\/div>\n\t\t\t\t\t<\/div>\n\t\t\t\t<\/div><\/nav>\n\n\n<div style=\"height:10px\" aria-hidden=\"true\" class=\"wp-block-spacer\"><\/div>\n\n\n\n<div class=\"wp-block-cover alignfull has-custom-content-position is-position-top-center\" style=\"min-height:396px;aspect-ratio:unset;\"><img loading=\"lazy\" decoding=\"async\" width=\"1024\" height=\"173\" class=\"wp-block-cover__image-background wp-image-126 size-large\" alt=\"\" src=\"https:\/\/wpstorage7ceb827ed5.blob.core.windows.net\/wpblob7ceb827ed5\/2024\/07\/header_banner_narrow-d143d13f493dd29ac46593236b5841d0-1024x173.jpg\" data-object-fit=\"cover\" srcset=\"\/wp-content\/uploads\/2024\/07\/header_banner_narrow-d143d13f493dd29ac46593236b5841d0-1024x173.jpg 1024w, \/wp-content\/uploads\/2024\/07\/header_banner_narrow-d143d13f493dd29ac46593236b5841d0-300x51.jpg 300w, \/wp-content\/uploads\/2024\/07\/header_banner_narrow-d143d13f493dd29ac46593236b5841d0-768x130.jpg 768w, \/wp-content\/uploads\/2024\/07\/header_banner_narrow-d143d13f493dd29ac46593236b5841d0.jpg 1300w\" sizes=\"auto, (max-width: 1024px) 100vw, 1024px\" \/><span aria-hidden=\"true\" class=\"wp-block-cover__background has-background-dim\" style=\"background-color:#3c3d3f\"><\/span><div class=\"wp-block-cover__inner-container is-layout-constrained wp-block-cover-is-layout-constrained\">\n<h2 class=\"wp-block-heading has-text-align-center has-large-font-size\"><mark style=\"background-color:rgba(0, 0, 0, 0);color:#eeeeee\" class=\"has-inline-color\">Portail d'information sur le secteur minier industriel en R\u00e9publique d\u00e9mocratique du Congo<\/mark><\/h2>\n\n\n\n<div style=\"height:100px\" aria-hidden=\"true\" class=\"wp-block-spacer\"><\/div>\n\n\n<div class=\"wp-block-image\">\n<figure class=\"alignright size-full is-resized\"><a href=\"https:\/\/www.cartercenter.org\/\" target=\"_blank\" rel=\"noreferrer noopener\"><img loading=\"lazy\" decoding=\"async\" width=\"150\" height=\"127\" src=\"https:\/\/wpstorage7ceb827ed5.blob.core.windows.net\/wpblob7ceb827ed5\/2024\/11\/TCC-Logo.png\" alt=\"\" class=\"wp-image-673\" style=\"width:90px;height:auto\"\/><\/a><\/figure>\n<\/div>\n\n<div class=\"wp-block-image\">\n<figure class=\"alignleft size-full is-resized\"><a href=\"https:\/\/www.congomines.org\/fr\/\"><img loading=\"lazy\" decoding=\"async\" width=\"332\" height=\"222\" src=\"https:\/\/wpstorage7ceb827ed5.blob.core.windows.net\/wpblob7ceb827ed5\/2024\/08\/CongoMines-Logo.png\" alt=\"\" class=\"wp-image-198\" style=\"width:103px;height:auto\" srcset=\"\/wp-content\/uploads\/2024\/08\/CongoMines-Logo.png 332w, \/wp-content\/uploads\/2024\/08\/CongoMines-Logo-300x201.png 300w\" sizes=\"auto, (max-width: 332px) 100vw, 332px\" \/><\/a><\/figure>\n<\/div><\/div><\/div>\n\n\n\n<div style=\"height:35px\" aria-hidden=\"true\" class=\"wp-block-spacer\"><\/div>\n\n\n\n<div class=\"wp-block-group is-vertical is-content-justification-left is-layout-flex wp-container-core-group-is-layout-c0ca7d81 wp-block-group-is-layout-flex\">\n<p>Les entreprises mini\u00e8res publiques congolaises - en particulier la Gecamines, la Sokimo, la Sakima, la Miba et la Sodimico - restent des acteurs importants du secteur minier, contr\u00f4lant un nombre important de permis d'exploitation et d\u00e9tenant des parts dans plusieurs coentreprises. Depuis 2011, ces entreprises publiques sont au c\u0153ur d'une vive controverse suite \u00e0 la vente secr\u00e8te de certaines de leurs actions \u00e0 des soci\u00e9t\u00e9s offshore. Cette section rassemble des informations sur ces ventes ainsi que d'autres documents sur le r\u00f4le de ces entreprises publiques dans le secteur minier depuis l'ind\u00e9pendance.<\/p>\n\n\n\n<p><\/p>\n<\/div>\n\n\n\n<hr class=\"wp-block-separator alignfull has-text-color has-alpha-channel-opacity has-background is-style-wide\" style=\"background-color:#cccccc;color:#cccccc\"\/>\n\n\n<p><!-- FRM-VIEW 21377 state=\"u8tjjFNQz0+Z58dNGRbq1qM\/B46lArOGlL6Ea95MKqnz5wVTVKUF2XnpreE0dpH+kK90I4ZfYT99\/aebsGfLpKTFKrNHEz1e6F4VpV76sanCAd9K7nnDMIP4lXnUSD8IYJR+MEc\/xj1hAH\/jhXT8SnAHr42Bf7fjXNOlHPo8zTB+pKno4lK+ej4zsk5G7EQjsLdyvN2S2dPa0ID\/q1FI11N\/S4tODNNoI66WsjOJVY9Vmm5G2WQycqK2bWmg0Oe6JxcMJLS\/CfJULOHUyqsSle1B1W\/6oy0Uwc4Mp7AsTYU=\" refresh=\"0\" --><\/p>\n<h2 style=\"text-align: center; color: #aaaaaa;\">Entreprises publiques Documents<\/h2>\n<div class=\"frm_grid_container with_frm_style frm-grid-view\" style=\"--v-tl-font-size: 12px;--v-tl-line-height: 12px;--v-tl-grid-column:span 4\/span 4;grid-gap: 10px 5%;\">\n<div>\n<div class=\"frm_grid_container\">\n<div class=\"frm12\" style=\"font-size: 12px;line-height: 12px;\">\n<h2><a href=\"https:\/\/www.congomines.org\/fr\/state-owned-enterprises\/entry\/121076\" class=\"frm-detail-link\">Lettre Minist\u00e8re des Mines - Demande de transmission des avenants aux contrats revisit\u00e9s<\/a><\/h2>\n<h3><\/h3>\n<h4>8 septembre 2011<\/h4>\n<p><a href=\"https:\/\/www.congomines.org\/fr\/state-owned-enterprises\/entry\/121076\" class=\"frm-detail-link\">Voir le r\u00e9sum\u00e9<\/a>\n<\/div>\n<\/div>\n<\/div>\n<div>\n<div class=\"frm_grid_container\">\n<div class=\"frm12\" style=\"font-size: 12px;line-height: 12px;\">\n<h2><a href=\"https:\/\/www.congomines.org\/fr\/state-owned-enterprises\/entry\/121086\" class=\"frm-detail-link\">G\u00e9camines - R\u00e9ponse refusant la transmission des contrats pour publication<\/a><\/h2>\n<h3><\/h3>\n<h4>30 septembre 2011<\/h4>\n<p><a href=\"https:\/\/www.congomines.org\/fr\/state-owned-enterprises\/entry\/121086\" class=\"frm-detail-link\">Voir le r\u00e9sum\u00e9<\/a>\n<\/div>\n<\/div>\n<\/div>\n<div>\n<div class=\"frm_grid_container\">\n<div class=\"frm12\" style=\"font-size: 12px;line-height: 12px;\">\n<h2><a href=\"https:\/\/www.congomines.org\/fr\/state-owned-enterprises\/entry\/130194\" class=\"frm-detail-link\">Contribution des OSCs du Haut-Katanga au Rapport de Cadrage ITIE 2017<\/a><\/h2>\n<h3><\/h3>\n<h4>29 septembre 2019<\/h4>\n<p><a href=\"https:\/\/www.congomines.org\/fr\/state-owned-enterprises\/entry\/130194\" class=\"frm-detail-link\">Voir le r\u00e9sum\u00e9<\/a>\n<\/div>\n<\/div>\n<\/div>\n<div>\n<div class=\"frm_grid_container\">\n<div class=\"frm12\" style=\"font-size: 12px;line-height: 12px;\">\n<h2><a href=\"https:\/\/www.congomines.org\/fr\/state-owned-enterprises\/entry\/130086\" class=\"frm-detail-link\">\" Manne mini\u00e8re \" et autorit\u00e9s \u00e9tatiques au Sud-Kivu en R\u00e9publique d\u00e9mocratique du Congo<\/a><\/h2>\n<h3><\/h3>\n<h4>28 septembre 2019<\/h4>\n<p><a href=\"https:\/\/www.congomines.org\/fr\/state-owned-enterprises\/entry\/130086\" class=\"frm-detail-link\">Voir le r\u00e9sum\u00e9<\/a>\n<\/div>\n<\/div>\n<\/div>\n<div>\n<div class=\"frm_grid_container\">\n<div class=\"frm12\" style=\"font-size: 12px;line-height: 12px;\">\n<h2><a href=\"https:\/\/www.congomines.org\/fr\/state-owned-enterprises\/entry\/128865\" class=\"frm-detail-link\">Fusion Randgold-Barrick : La Sokimo fera valoir ses droits<\/a><\/h2>\n<h3><\/h3>\n<h4>28 septembre 2018<\/h4>\n<p><a href=\"https:\/\/www.congomines.org\/fr\/state-owned-enterprises\/entry\/128865\" class=\"frm-detail-link\">Voir le r\u00e9sum\u00e9<\/a>\n<\/div>\n<\/div>\n<\/div>\n<div>\n<div class=\"frm_grid_container\">\n<div class=\"frm12\" style=\"font-size: 12px;line-height: 12px;\">\n<h2><a href=\"https:\/\/www.congomines.org\/fr\/state-owned-enterprises\/entry\/130236\" class=\"frm-detail-link\">La G\u00e9camines de Yuma, \" Un nain Minier et une sangsue nationale \"<\/a><\/h2>\n<h3><\/h3>\n<h4>19 septembre 2019<\/h4>\n<p><a href=\"https:\/\/www.congomines.org\/fr\/state-owned-enterprises\/entry\/130236\" class=\"frm-detail-link\">Voir le r\u00e9sum\u00e9<\/a>\n<\/div>\n<\/div>\n<\/div>\n<div>\n<div class=\"frm_grid_container\">\n<div class=\"frm12\" style=\"font-size: 12px;line-height: 12px;\">\n<h2><a href=\"https:\/\/www.congomines.org\/fr\/state-owned-enterprises\/entry\/121285\" class=\"frm-detail-link\">R\u00e9ponse de la G\u00e9camines au FMI sur la vente des parts dans Mutanda et Kansuki SPRL<\/a><\/h2>\n<h3><\/h3>\n<h4>16 septembre 2011<\/h4>\n<p><a href=\"https:\/\/www.congomines.org\/fr\/state-owned-enterprises\/entry\/121285\" class=\"frm-detail-link\">Voir le r\u00e9sum\u00e9<\/a>\n<\/div>\n<\/div>\n<\/div>\n<div>\n<div class=\"frm_grid_container\">\n<div class=\"frm12\" style=\"font-size: 12px;line-height: 12px;\">\n<h2><a href=\"https:\/\/www.congomines.org\/fr\/state-owned-enterprises\/entry\/121275\" class=\"frm-detail-link\">R\u00e9ponse de Sodimico au FMI sur la vente des parts dans Sodifor<\/a><\/h2>\n<h3><\/h3>\n<h4>16 septembre 2011<\/h4>\n<p><a href=\"https:\/\/www.congomines.org\/fr\/state-owned-enterprises\/entry\/121275\" class=\"frm-detail-link\">Voir le r\u00e9sum\u00e9<\/a>\n<\/div>\n<\/div>\n<\/div>\n<div>\n<div class=\"frm_grid_container\">\n<div class=\"frm12\" style=\"font-size: 12px;line-height: 12px;\">\n<h2><a href=\"https:\/\/www.congomines.org\/fr\/state-owned-enterprises\/entry\/128840\" class=\"frm-detail-link\">Pas au courant, pas de courant<\/a><\/h2>\n<h3><\/h3>\n<h4>13 septembre 2018<\/h4>\n<p><a href=\"https:\/\/www.congomines.org\/fr\/state-owned-enterprises\/entry\/128840\" class=\"frm-detail-link\">Voir le r\u00e9sum\u00e9<\/a>\n<\/div>\n<\/div>\n<\/div>\n<div>\n<div class=\"frm_grid_container\">\n<div class=\"frm12\" style=\"font-size: 12px;line-height: 12px;\">\n<h2><a href=\"https:\/\/www.congomines.org\/fr\/state-owned-enterprises\/entry\/129982\" class=\"frm-detail-link\">RDC : Felix Tshisekedi Annonce la R\u00e9forme du secteur Minier pour la Transformation locale des Minerais<\/a><\/h2>\n<h3><\/h3>\n<h4>10 septembre 2019<\/h4>\n<p><a href=\"https:\/\/www.congomines.org\/fr\/state-owned-enterprises\/entry\/129982\" class=\"frm-detail-link\">Voir le r\u00e9sum\u00e9<\/a>\n<\/div>\n<\/div>\n<\/div>\n<div>\n<div class=\"frm_grid_container\">\n<div class=\"frm12\" style=\"font-size: 12px;line-height: 12px;\">\n<h2><a href=\"https:\/\/www.congomines.org\/fr\/state-owned-enterprises\/entry\/129827\" class=\"frm-detail-link\">La RDC \u00e9pingl\u00e9e pour son manque de transparence sur les Industries Mini\u00e8res<\/a><\/h2>\n<h3><\/h3>\n<h4>3 ao\u00fbt 2019<\/h4>\n<p><a href=\"https:\/\/www.congomines.org\/fr\/state-owned-enterprises\/entry\/129827\" class=\"frm-detail-link\">Voir le r\u00e9sum\u00e9<\/a>\n<\/div>\n<\/div>\n<\/div>\n<div>\n<div class=\"frm_grid_container\">\n<div class=\"frm12\" style=\"font-size: 12px;line-height: 12px;\">\n<h2><a href=\"https:\/\/www.congomines.org\/fr\/state-owned-enterprises\/entry\/134249\" class=\"frm-detail-link\">Bulletin d'informations des activit\u00e9s du PGIE \/ 1er semestre 2022<\/a><\/h2>\n<h3>Global Witness<\/h3>\n<h4>16 ao\u00fbt 2022<\/h4>\n<p><a href=\"https:\/\/www.congomines.org\/fr\/state-owned-enterprises\/entry\/134249\" class=\"frm-detail-link\">Voir le r\u00e9sum\u00e9<\/a>\n<\/div>\n<\/div>\n<\/div>\n<\/div>\n<div class=\"frm_pagination_cont frm_ajax_pagination_cont\"><a  href=\"#\" class=\"frm-ajax-pagination-load-more frm-grid-type\" frm-page=\"1\" frm-view-id=\"21377\">En savoir plus<\/a><\/div>\n\n\n\n<div style=\"height:20px\" aria-hidden=\"true\" class=\"wp-block-spacer\"><\/div>","protected":false},"excerpt":{"rendered":"<p>Congolese state-owned mining companies \u2013 specifically Gecamines, Sokimo, Sakima, Miba and Sodimico \u2013 remain important players in the mining sector, controlling a significant number of mining permits and holding shares in several joint ventures. Since 2011, these state-owned companies have been at the centre of heated controversy following secret sales of some of their shares [&hellip;]<\/p>\n","protected":false},"author":1,"featured_media":0,"parent":0,"menu_order":0,"comment_status":"closed","ping_status":"closed","template":"","meta":{"ocean_post_layout":"full-width","ocean_both_sidebars_style":"","ocean_both_sidebars_content_width":0,"ocean_both_sidebars_sidebars_width":0,"ocean_sidebar":"","ocean_second_sidebar":"","ocean_disable_margins":"enable","ocean_add_body_class":"","ocean_shortcode_before_top_bar":"","ocean_shortcode_after_top_bar":"","ocean_shortcode_before_header":"","ocean_shortcode_after_header":"","ocean_has_shortcode":"","ocean_shortcode_after_title":"","ocean_shortcode_before_footer_widgets":"","ocean_shortcode_after_footer_widgets":"","ocean_shortcode_before_footer_bottom":"","ocean_shortcode_after_footer_bottom":"","ocean_display_top_bar":"off","ocean_display_header":"off","ocean_header_style":"","ocean_center_header_left_menu":"","ocean_custom_header_template":"","ocean_custom_logo":0,"ocean_custom_retina_logo":0,"ocean_custom_logo_max_width":0,"ocean_custom_logo_tablet_max_width":0,"ocean_custom_logo_mobile_max_width":0,"ocean_custom_logo_max_height":0,"ocean_custom_logo_tablet_max_height":0,"ocean_custom_logo_mobile_max_height":0,"ocean_header_custom_menu":"11","ocean_menu_typo_font_family":"","ocean_menu_typo_font_subset":"","ocean_menu_typo_font_size":0,"ocean_menu_typo_font_size_tablet":0,"ocean_menu_typo_font_size_mobile":0,"ocean_menu_typo_font_size_unit":"px","ocean_menu_typo_font_weight":"","ocean_menu_typo_font_weight_tablet":"","ocean_menu_typo_font_weight_mobile":"","ocean_menu_typo_transform":"","ocean_menu_typo_transform_tablet":"","ocean_menu_typo_transform_mobile":"","ocean_menu_typo_line_height":0,"ocean_menu_typo_line_height_tablet":0,"ocean_menu_typo_line_height_mobile":0,"ocean_menu_typo_line_height_unit":"","ocean_menu_typo_spacing":0,"ocean_menu_typo_spacing_tablet":0,"ocean_menu_typo_spacing_mobile":0,"ocean_menu_typo_spacing_unit":"","ocean_menu_link_color":"#c2c2c2","ocean_menu_link_color_hover":"#ffffff","ocean_menu_link_color_active":"#32acde","ocean_menu_link_background":"","ocean_menu_link_hover_background":"","ocean_menu_link_active_background":"","ocean_menu_social_links_bg":"","ocean_menu_social_hover_links_bg":"","ocean_menu_social_links_color":"","ocean_menu_social_hover_links_color":"","ocean_disable_title":"default","ocean_disable_heading":"default","ocean_post_title":"","ocean_post_subheading":"","ocean_post_title_style":"","ocean_post_title_background_color":"","ocean_post_title_background":0,"ocean_post_title_bg_image_position":"","ocean_post_title_bg_image_attachment":"","ocean_post_title_bg_image_repeat":"","ocean_post_title_bg_image_size":"","ocean_post_title_height":0,"ocean_post_title_bg_overlay":0.5,"ocean_post_title_bg_overlay_color":"","ocean_disable_breadcrumbs":"default","ocean_breadcrumbs_color":"","ocean_breadcrumbs_separator_color":"","ocean_breadcrumbs_links_color":"","ocean_breadcrumbs_links_hover_color":"","ocean_display_footer_widgets":"default","ocean_display_footer_bottom":"default","ocean_custom_footer_template":"","footnotes":""},"class_list":["post-716","page","type-page","status-publish","hentry","entry"],"yoast_head":"<!-- This site is optimized with the Yoast SEO plugin v27.1.1 - https:\/\/yoast.com\/product\/yoast-seo-wordpress\/ -->\n<title>State-owned enterprises - Congo Mines<\/title>\n<meta name=\"robots\" content=\"index, follow, max-snippet:-1, max-image-preview:large, max-video-preview:-1\" \/>\n<link rel=\"canonical\" href=\"https:\/\/congomines.org\/state-owned-enterprises\/\" \/>\n<meta property=\"og:locale\" content=\"fr_FR\" \/>\n<meta property=\"og:type\" content=\"article\" \/>\n<meta property=\"og:title\" content=\"State-owned enterprises - Congo Mines\" \/>\n<meta property=\"og:description\" content=\"Congolese state-owned mining companies \u2013 specifically Gecamines, Sokimo, Sakima, Miba and Sodimico \u2013 remain important players in the mining sector, controlling a significant number of mining permits and holding shares in several joint ventures. Since 2011, these state-owned companies have been at the centre of heated controversy following secret sales of some of their shares [&hellip;]\" \/>\n<meta property=\"og:url\" content=\"https:\/\/congomines.org\/state-owned-enterprises\/\" \/>\n<meta property=\"og:site_name\" content=\"Congo Mines\" \/>\n<meta property=\"article:modified_time\" content=\"2026-02-09T19:35:14+00:00\" \/>\n<meta name=\"twitter:card\" content=\"summary_large_image\" \/>\n<meta name=\"twitter:label1\" content=\"Dur\u00e9e de lecture estim\u00e9e\" \/>\n\t<meta name=\"twitter:data1\" content=\"2 minutes\" \/>\n<script type=\"application\/ld+json\" class=\"yoast-schema-graph\">{\"@context\":\"https:\/\/schema.org\",\"@graph\":[{\"@type\":\"WebPage\",\"@id\":\"https:\/\/congomines.org\/state-owned-enterprises\/\",\"url\":\"https:\/\/congomines.org\/state-owned-enterprises\/\",\"name\":\"State-owned enterprises - Congo Mines\",\"isPartOf\":{\"@id\":\"https:\/\/congomines.org\/fr\/#website\"},\"datePublished\":\"2024-11-13T20:27:34+00:00\",\"dateModified\":\"2026-02-09T19:35:14+00:00\",\"breadcrumb\":{\"@id\":\"https:\/\/congomines.org\/state-owned-enterprises\/#breadcrumb\"},\"inLanguage\":\"fr-FR\",\"potentialAction\":[{\"@type\":\"ReadAction\",\"target\":[\"https:\/\/congomines.org\/state-owned-enterprises\/\"]}]},{\"@type\":\"BreadcrumbList\",\"@id\":\"https:\/\/congomines.org\/state-owned-enterprises\/#breadcrumb\",\"itemListElement\":[{\"@type\":\"ListItem\",\"position\":1,\"name\":\"Home\",\"item\":\"https:\/\/congomines.org\/fr\/\"},{\"@type\":\"ListItem\",\"position\":2,\"name\":\"State-owned enterprises\"}]},{\"@type\":\"WebSite\",\"@id\":\"https:\/\/congomines.org\/fr\/#website\",\"url\":\"https:\/\/congomines.org\/fr\/\",\"name\":\"Congo Mines\",\"description\":\"\",\"publisher\":{\"@id\":\"https:\/\/congomines.org\/fr\/#organization\"},\"potentialAction\":[{\"@type\":\"SearchAction\",\"target\":{\"@type\":\"EntryPoint\",\"urlTemplate\":\"https:\/\/congomines.org\/fr\/?s={search_term_string}\"},\"query-input\":{\"@type\":\"PropertyValueSpecification\",\"valueRequired\":true,\"valueName\":\"search_term_string\"}}],\"inLanguage\":\"fr-FR\"},{\"@type\":\"Organization\",\"@id\":\"https:\/\/congomines.org\/fr\/#organization\",\"name\":\"Congo Mines\",\"url\":\"https:\/\/congomines.org\/fr\/\",\"logo\":{\"@type\":\"ImageObject\",\"inLanguage\":\"fr-FR\",\"@id\":\"https:\/\/congomines.org\/fr\/#\/schema\/logo\/image\/\",\"url\":\"\/wp-content\/uploads\/2024\/07\/logo-12d189e2721b77941295d115c6dc43fe.png?wsr\",\"contentUrl\":\"\/wp-content\/uploads\/2024\/07\/logo-12d189e2721b77941295d115c6dc43fe.png?wsr\",\"width\":332,\"height\":222,\"caption\":\"Congo Mines\"},\"image\":{\"@id\":\"https:\/\/congomines.org\/fr\/#\/schema\/logo\/image\/\"}}]}<\/script>\n<!-- \/ Yoast SEO plugin. -->","yoast_head_json":{"title":"State-owned enterprises - Congo Mines","robots":{"index":"index","follow":"follow","max-snippet":"max-snippet:-1","max-image-preview":"max-image-preview:large","max-video-preview":"max-video-preview:-1"},"canonical":"https:\/\/congomines.org\/state-owned-enterprises\/","og_locale":"fr_FR","og_type":"article","og_title":"State-owned enterprises - Congo Mines","og_description":"Congolese state-owned mining companies \u2013 specifically Gecamines, Sokimo, Sakima, Miba and Sodimico \u2013 remain important players in the mining sector, controlling a significant number of mining permits and holding shares in several joint ventures. Since 2011, these state-owned companies have been at the centre of heated controversy following secret sales of some of their shares [&hellip;]","og_url":"https:\/\/congomines.org\/state-owned-enterprises\/","og_site_name":"Congo Mines","article_modified_time":"2026-02-09T19:35:14+00:00","twitter_card":"summary_large_image","twitter_misc":{"Dur\u00e9e de lecture estim\u00e9e":"2 minutes"},"schema":{"@context":"https:\/\/schema.org","@graph":[{"@type":"WebPage","@id":"https:\/\/congomines.org\/state-owned-enterprises\/","url":"https:\/\/congomines.org\/state-owned-enterprises\/","name":"State-owned enterprises - Congo Mines","isPartOf":{"@id":"https:\/\/congomines.org\/fr\/#website"},"datePublished":"2024-11-13T20:27:34+00:00","dateModified":"2026-02-09T19:35:14+00:00","breadcrumb":{"@id":"https:\/\/congomines.org\/state-owned-enterprises\/#breadcrumb"},"inLanguage":"fr-FR","potentialAction":[{"@type":"ReadAction","target":["https:\/\/congomines.org\/state-owned-enterprises\/"]}]},{"@type":"BreadcrumbList","@id":"https:\/\/congomines.org\/state-owned-enterprises\/#breadcrumb","itemListElement":[{"@type":"ListItem","position":1,"name":"Home","item":"https:\/\/congomines.org\/fr\/"},{"@type":"ListItem","position":2,"name":"State-owned enterprises"}]},{"@type":"WebSite","@id":"https:\/\/congomines.org\/fr\/#website","url":"https:\/\/congomines.org\/fr\/","name":"Congo Mines","description":"","publisher":{"@id":"https:\/\/congomines.org\/fr\/#organization"},"potentialAction":[{"@type":"SearchAction","target":{"@type":"EntryPoint","urlTemplate":"https:\/\/congomines.org\/fr\/?s={search_term_string}"},"query-input":{"@type":"PropertyValueSpecification","valueRequired":true,"valueName":"search_term_string"}}],"inLanguage":"fr-FR"},{"@type":"Organization","@id":"https:\/\/congomines.org\/fr\/#organization","name":"Congo Mines","url":"https:\/\/congomines.org\/fr\/","logo":{"@type":"ImageObject","inLanguage":"fr-FR","@id":"https:\/\/congomines.org\/fr\/#\/schema\/logo\/image\/","url":"\/wp-content\/uploads\/2024\/07\/logo-12d189e2721b77941295d115c6dc43fe.png?wsr","contentUrl":"\/wp-content\/uploads\/2024\/07\/logo-12d189e2721b77941295d115c6dc43fe.png?wsr","width":332,"height":222,"caption":"Congo Mines"},"image":{"@id":"https:\/\/congomines.org\/fr\/#\/schema\/logo\/image\/"}}]}},"_links":{"self":[{"href":"https:\/\/www.congomines.org\/fr\/wp-json\/wp\/v2\/pages\/716","targetHints":{"allow":["GET"]}}],"collection":[{"href":"https:\/\/www.congomines.org\/fr\/wp-json\/wp\/v2\/pages"}],"about":[{"href":"https:\/\/www.congomines.org\/fr\/wp-json\/wp\/v2\/types\/page"}],"author":[{"embeddable":true,"href":"https:\/\/www.congomines.org\/fr\/wp-json\/wp\/v2\/users\/1"}],"replies":[{"embeddable":true,"href":"https:\/\/www.congomines.org\/fr\/wp-json\/wp\/v2\/comments?post=716"}],"version-history":[{"count":4,"href":"https:\/\/www.congomines.org\/fr\/wp-json\/wp\/v2\/pages\/716\/revisions"}],"predecessor-version":[{"id":22053,"href":"https:\/\/www.congomines.org\/fr\/wp-json\/wp\/v2\/pages\/716\/revisions\/22053"}],"wp:attachment":[{"href":"https:\/\/www.congomines.org\/fr\/wp-json\/wp\/v2\/media?parent=716"}],"curies":[{"name":"wp","href":"https:\/\/api.w.org\/{rel}","templated":true}]}}