{"id":22264,"date":"2026-04-23T17:50:41","date_gmt":"2026-04-23T17:50:41","guid":{"rendered":"https:\/\/congomines.org\/?page_id=22264"},"modified":"2026-04-23T17:50:43","modified_gmt":"2026-04-23T17:50:43","slug":"mining-projects-and-infrastructure-2","status":"publish","type":"page","link":"https:\/\/www.congomines.org\/fr\/mining-projects-and-infrastructure-2\/","title":{"rendered":"Projets miniers et infrastructures"},"content":{"rendered":"<div style=\"height:35px\" aria-hidden=\"true\" class=\"wp-block-spacer\"><\/div>\n\n\n\n<div class=\"wp-block-group is-vertical is-content-justification-left is-layout-flex wp-container-core-group-is-layout-c0ca7d81 wp-block-group-is-layout-flex\">\n<p>La R\u00e9publique d\u00e9mocratique du Congo est un pays aux ressources naturelles exceptionnellement riches, notamment dans les secteurs minier et p\u00e9trolier.<\/p>\n\n\n\n<p><\/p>\n\n\n\n<p>Les b\u00e9n\u00e9fices tir\u00e9s de l'exploitation de ces ressources naturelles font que les entreprises op\u00e9rant dans ces secteurs contribuent g\u00e9n\u00e9ralement au budget de l'\u00c9tat par le biais du paiement d'imp\u00f4ts.<\/p>\n\n\n\n<p><\/p>\n\n\n\n<p>Gr\u00e2ce aux accords, conventions et joint-ventures sign\u00e9s entre le gouvernement congolais et les entreprises \u00e9trang\u00e8res, le gouvernement congolais a accord\u00e9 des permis d'exploitation en \u00e9change de pr\u00eats pour des projets sociaux.<\/p>\n\n\n\n<p><\/p>\n\n\n\n<p>Cette section fournit des informations sur les contrats, les textes l\u00e9gislatifs et d'autres informations sur les projets d'exploitation des ressources naturelles en RDC.<\/p>\n<\/div>\n\n\n\n<hr class=\"wp-block-separator alignfull has-text-color has-alpha-channel-opacity has-background is-style-wide\" style=\"background-color:#cccccc;color:#cccccc\"\/>","protected":false},"excerpt":{"rendered":"<p>The Democratic Republic of Congo is a country with exceptionally rich natural resources, particularly in the mining and oil sectors. The benefits of the exploitation of these natural resources mean that companies operating in these sectors generally contribute to the state budget through the payment of taxes. Thanks to the agreements, conventions and joint ventures [&hellip;]<\/p>\n","protected":false},"author":2,"featured_media":0,"parent":0,"menu_order":0,"comment_status":"closed","ping_status":"closed","template":"page-report-listing.php","meta":{"ocean_post_layout":"full-width","ocean_both_sidebars_style":"","ocean_both_sidebars_content_width":0,"ocean_both_sidebars_sidebars_width":0,"ocean_sidebar":"","ocean_second_sidebar":"","ocean_disable_margins":"enable","ocean_add_body_class":"","ocean_shortcode_before_top_bar":"","ocean_shortcode_after_top_bar":"","ocean_shortcode_before_header":"","ocean_shortcode_after_header":"","ocean_has_shortcode":"","ocean_shortcode_after_title":"","ocean_shortcode_before_footer_widgets":"","ocean_shortcode_after_footer_widgets":"","ocean_shortcode_before_footer_bottom":"","ocean_shortcode_after_footer_bottom":"","ocean_display_top_bar":"off","ocean_display_header":"default","ocean_header_style":"custom","ocean_center_header_left_menu":"","ocean_custom_header_template":"22056","ocean_custom_logo":0,"ocean_custom_retina_logo":0,"ocean_custom_logo_max_width":0,"ocean_custom_logo_tablet_max_width":0,"ocean_custom_logo_mobile_max_width":0,"ocean_custom_logo_max_height":0,"ocean_custom_logo_tablet_max_height":0,"ocean_custom_logo_mobile_max_height":0,"ocean_header_custom_menu":"11","ocean_menu_typo_font_family":"","ocean_menu_typo_font_subset":"","ocean_menu_typo_font_size":0,"ocean_menu_typo_font_size_tablet":0,"ocean_menu_typo_font_size_mobile":0,"ocean_menu_typo_font_size_unit":"px","ocean_menu_typo_font_weight":"","ocean_menu_typo_font_weight_tablet":"","ocean_menu_typo_font_weight_mobile":"","ocean_menu_typo_transform":"","ocean_menu_typo_transform_tablet":"","ocean_menu_typo_transform_mobile":"","ocean_menu_typo_line_height":0,"ocean_menu_typo_line_height_tablet":0,"ocean_menu_typo_line_height_mobile":0,"ocean_menu_typo_line_height_unit":"","ocean_menu_typo_spacing":0,"ocean_menu_typo_spacing_tablet":0,"ocean_menu_typo_spacing_mobile":0,"ocean_menu_typo_spacing_unit":"","ocean_menu_link_color":"#c2c2c2","ocean_menu_link_color_hover":"#ffffff","ocean_menu_link_color_active":"#32acde","ocean_menu_link_background":"","ocean_menu_link_hover_background":"","ocean_menu_link_active_background":"","ocean_menu_social_links_bg":"","ocean_menu_social_hover_links_bg":"","ocean_menu_social_links_color":"","ocean_menu_social_hover_links_color":"","ocean_disable_title":"default","ocean_disable_heading":"on","ocean_post_title":"","ocean_post_subheading":"","ocean_post_title_style":"","ocean_post_title_background_color":"","ocean_post_title_background":0,"ocean_post_title_bg_image_position":"","ocean_post_title_bg_image_attachment":"","ocean_post_title_bg_image_repeat":"","ocean_post_title_bg_image_size":"","ocean_post_title_height":0,"ocean_post_title_bg_overlay":0.5,"ocean_post_title_bg_overlay_color":"","ocean_disable_breadcrumbs":"default","ocean_breadcrumbs_color":"","ocean_breadcrumbs_separator_color":"","ocean_breadcrumbs_links_color":"","ocean_breadcrumbs_links_hover_color":"","ocean_display_footer_widgets":"default","ocean_display_footer_bottom":"default","ocean_custom_footer_template":"","footnotes":""},"class_list":["post-22264","page","type-page","status-publish","hentry","entry"],"yoast_head":"<!-- This site is optimized with the Yoast SEO plugin v27.4 - https:\/\/yoast.com\/product\/yoast-seo-wordpress\/ -->\n<title>Mining projects and infrastructure - Congo Mines<\/title>\n<meta name=\"robots\" content=\"index, follow, max-snippet:-1, max-image-preview:large, max-video-preview:-1\" \/>\n<link rel=\"canonical\" href=\"https:\/\/www.congomines.org\/fr\/mining-projects-and-infrastructure-2\/\" \/>\n<meta property=\"og:locale\" content=\"fr_FR\" \/>\n<meta property=\"og:type\" content=\"article\" \/>\n<meta property=\"og:title\" content=\"Mining projects and infrastructure - Congo Mines\" \/>\n<meta property=\"og:description\" content=\"The Democratic Republic of Congo is a country with exceptionally rich natural resources, particularly in the mining and oil sectors. The benefits of the exploitation of these natural resources mean that companies operating in these sectors generally contribute to the state budget through the payment of taxes. Thanks to the agreements, conventions and joint ventures [&hellip;]\" \/>\n<meta property=\"og:url\" content=\"https:\/\/www.congomines.org\/fr\/mining-projects-and-infrastructure-2\/\" \/>\n<meta property=\"og:site_name\" content=\"Congo Mines\" \/>\n<meta property=\"article:modified_time\" content=\"2026-04-23T17:50:43+00:00\" \/>\n<meta name=\"twitter:card\" content=\"summary_large_image\" \/>\n<meta name=\"twitter:label1\" content=\"Dur\u00e9e de lecture estim\u00e9e\" \/>\n\t<meta name=\"twitter:data1\" content=\"1 minute\" \/>\n<script type=\"application\/ld+json\" class=\"yoast-schema-graph\">{\"@context\":\"https:\\\/\\\/schema.org\",\"@graph\":[{\"@type\":\"WebPage\",\"@id\":\"https:\\\/\\\/www.congomines.org\\\/fr\\\/mining-projects-and-infrastructure-2\\\/\",\"url\":\"https:\\\/\\\/www.congomines.org\\\/fr\\\/mining-projects-and-infrastructure-2\\\/\",\"name\":\"Mining projects and infrastructure - Congo Mines\",\"isPartOf\":{\"@id\":\"https:\\\/\\\/www.congomines.org\\\/#website\"},\"datePublished\":\"2026-04-23T17:50:41+00:00\",\"dateModified\":\"2026-04-23T17:50:43+00:00\",\"breadcrumb\":{\"@id\":\"https:\\\/\\\/www.congomines.org\\\/fr\\\/mining-projects-and-infrastructure-2\\\/#breadcrumb\"},\"inLanguage\":\"fr-FR\",\"potentialAction\":[{\"@type\":\"ReadAction\",\"target\":[\"https:\\\/\\\/www.congomines.org\\\/fr\\\/mining-projects-and-infrastructure-2\\\/\"]}]},{\"@type\":\"BreadcrumbList\",\"@id\":\"https:\\\/\\\/www.congomines.org\\\/fr\\\/mining-projects-and-infrastructure-2\\\/#breadcrumb\",\"itemListElement\":[{\"@type\":\"ListItem\",\"position\":1,\"name\":\"Home\",\"item\":\"https:\\\/\\\/www.congomines.org\\\/\"},{\"@type\":\"ListItem\",\"position\":2,\"name\":\"Mining projects and infrastructure\"}]},{\"@type\":\"WebSite\",\"@id\":\"https:\\\/\\\/www.congomines.org\\\/#website\",\"url\":\"https:\\\/\\\/www.congomines.org\\\/\",\"name\":\"Congo Mines\",\"description\":\"\",\"publisher\":{\"@id\":\"https:\\\/\\\/www.congomines.org\\\/#organization\"},\"potentialAction\":[{\"@type\":\"SearchAction\",\"target\":{\"@type\":\"EntryPoint\",\"urlTemplate\":\"https:\\\/\\\/www.congomines.org\\\/?s={search_term_string}\"},\"query-input\":{\"@type\":\"PropertyValueSpecification\",\"valueRequired\":true,\"valueName\":\"search_term_string\"}}],\"inLanguage\":\"fr-FR\"},{\"@type\":\"Organization\",\"@id\":\"https:\\\/\\\/www.congomines.org\\\/#organization\",\"name\":\"Congo Mines\",\"url\":\"https:\\\/\\\/www.congomines.org\\\/\",\"logo\":{\"@type\":\"ImageObject\",\"inLanguage\":\"fr-FR\",\"@id\":\"https:\\\/\\\/www.congomines.org\\\/#\\\/schema\\\/logo\\\/image\\\/\",\"url\":\"\\\/wp-content\\\/uploads\\\/2024\\\/07\\\/logo-12d189e2721b77941295d115c6dc43fe.png?wsr\",\"contentUrl\":\"\\\/wp-content\\\/uploads\\\/2024\\\/07\\\/logo-12d189e2721b77941295d115c6dc43fe.png?wsr\",\"width\":332,\"height\":222,\"caption\":\"Congo Mines\"},\"image\":{\"@id\":\"https:\\\/\\\/www.congomines.org\\\/#\\\/schema\\\/logo\\\/image\\\/\"}}]}<\/script>\n<!-- \/ Yoast SEO plugin. -->","yoast_head_json":{"title":"Mining projects and infrastructure - Congo Mines","robots":{"index":"index","follow":"follow","max-snippet":"max-snippet:-1","max-image-preview":"max-image-preview:large","max-video-preview":"max-video-preview:-1"},"canonical":"https:\/\/www.congomines.org\/fr\/mining-projects-and-infrastructure-2\/","og_locale":"fr_FR","og_type":"article","og_title":"Mining projects and infrastructure - Congo Mines","og_description":"The Democratic Republic of Congo is a country with exceptionally rich natural resources, particularly in the mining and oil sectors. The benefits of the exploitation of these natural resources mean that companies operating in these sectors generally contribute to the state budget through the payment of taxes. Thanks to the agreements, conventions and joint ventures [&hellip;]","og_url":"https:\/\/www.congomines.org\/fr\/mining-projects-and-infrastructure-2\/","og_site_name":"Congo Mines","article_modified_time":"2026-04-23T17:50:43+00:00","twitter_card":"summary_large_image","twitter_misc":{"Dur\u00e9e de lecture estim\u00e9e":"1 minute"},"schema":{"@context":"https:\/\/schema.org","@graph":[{"@type":"WebPage","@id":"https:\/\/www.congomines.org\/fr\/mining-projects-and-infrastructure-2\/","url":"https:\/\/www.congomines.org\/fr\/mining-projects-and-infrastructure-2\/","name":"Mining projects and infrastructure - Congo Mines","isPartOf":{"@id":"https:\/\/www.congomines.org\/#website"},"datePublished":"2026-04-23T17:50:41+00:00","dateModified":"2026-04-23T17:50:43+00:00","breadcrumb":{"@id":"https:\/\/www.congomines.org\/fr\/mining-projects-and-infrastructure-2\/#breadcrumb"},"inLanguage":"fr-FR","potentialAction":[{"@type":"ReadAction","target":["https:\/\/www.congomines.org\/fr\/mining-projects-and-infrastructure-2\/"]}]},{"@type":"BreadcrumbList","@id":"https:\/\/www.congomines.org\/fr\/mining-projects-and-infrastructure-2\/#breadcrumb","itemListElement":[{"@type":"ListItem","position":1,"name":"Home","item":"https:\/\/www.congomines.org\/"},{"@type":"ListItem","position":2,"name":"Mining projects and infrastructure"}]},{"@type":"WebSite","@id":"https:\/\/www.congomines.org\/#website","url":"https:\/\/www.congomines.org\/","name":"Congo Mines","description":"","publisher":{"@id":"https:\/\/www.congomines.org\/#organization"},"potentialAction":[{"@type":"SearchAction","target":{"@type":"EntryPoint","urlTemplate":"https:\/\/www.congomines.org\/?s={search_term_string}"},"query-input":{"@type":"PropertyValueSpecification","valueRequired":true,"valueName":"search_term_string"}}],"inLanguage":"fr-FR"},{"@type":"Organization","@id":"https:\/\/www.congomines.org\/#organization","name":"Congo Mines","url":"https:\/\/www.congomines.org\/","logo":{"@type":"ImageObject","inLanguage":"fr-FR","@id":"https:\/\/www.congomines.org\/#\/schema\/logo\/image\/","url":"\/wp-content\/uploads\/2024\/07\/logo-12d189e2721b77941295d115c6dc43fe.png?wsr","contentUrl":"\/wp-content\/uploads\/2024\/07\/logo-12d189e2721b77941295d115c6dc43fe.png?wsr","width":332,"height":222,"caption":"Congo Mines"},"image":{"@id":"https:\/\/www.congomines.org\/#\/schema\/logo\/image\/"}}]}},"_links":{"self":[{"href":"https:\/\/www.congomines.org\/fr\/wp-json\/wp\/v2\/pages\/22264","targetHints":{"allow":["GET"]}}],"collection":[{"href":"https:\/\/www.congomines.org\/fr\/wp-json\/wp\/v2\/pages"}],"about":[{"href":"https:\/\/www.congomines.org\/fr\/wp-json\/wp\/v2\/types\/page"}],"author":[{"embeddable":true,"href":"https:\/\/www.congomines.org\/fr\/wp-json\/wp\/v2\/users\/2"}],"replies":[{"embeddable":true,"href":"https:\/\/www.congomines.org\/fr\/wp-json\/wp\/v2\/comments?post=22264"}],"version-history":[{"count":3,"href":"https:\/\/www.congomines.org\/fr\/wp-json\/wp\/v2\/pages\/22264\/revisions"}],"predecessor-version":[{"id":22267,"href":"https:\/\/www.congomines.org\/fr\/wp-json\/wp\/v2\/pages\/22264\/revisions\/22267"}],"wp:attachment":[{"href":"https:\/\/www.congomines.org\/fr\/wp-json\/wp\/v2\/media?parent=22264"}],"curies":[{"name":"wp","href":"https:\/\/api.w.org\/{rel}","templated":true}]}}